{"id":8184,"date":"2026-04-10T17:10:11","date_gmt":"2026-04-10T09:10:11","guid":{"rendered":"https:\/\/oiovape.com\/?post_type=product&#038;p=8184"},"modified":"2026-04-10T17:50:00","modified_gmt":"2026-04-10T09:50:00","slug":"bang-blaze-200000-puffs","status":"publish","type":"product","link":"https:\/\/oiovape.com\/nl\/product\/bang-blaze-200000-puffs\/","title":{"rendered":"Bang Blaze 200000 PUFFS 6 in 1 Smaken Slimme Wegwerpbare Vape Groothandel"},"content":{"rendered":"<div data-page-id=\"ZVeMfq8uxd7y1ycuKm5cym4LnYd\" data-lark-html-role=\"root\" data-docx-has-block-data=\"false\">\n<div data-page-id=\"Fd41fZ5N9dzRQtcRNoVc2FuDnCh\" data-lark-html-role=\"root\" data-docx-has-block-data=\"true\">\n<div data-page-id=\"BdIJfeeijdk1eucGpS8cDCBBn5c\" data-lark-html-role=\"root\" data-docx-has-block-data=\"false\">\n<div data-page-id=\"Zbg9fWx77dUuh2cIYpic25c8nyd\" data-lark-html-role=\"root\" data-docx-has-block-data=\"false\">\n<div data-page-id=\"KaIvfiurhdlCKdc0kyxcX64cnE6\" data-lark-html-role=\"root\" data-docx-has-block-data=\"true\">\n<div data-page-id=\"PbvFfqxqlddUTScRpEYcY5MHnpf\" data-lark-html-role=\"root\" data-docx-has-block-data=\"true\">\n<div data-page-id=\"GZO2f5JeudwY4jc9iJtcdk9Hnxh\" data-lark-html-role=\"root\" data-docx-has-block-data=\"false\">\n<div data-page-id=\"EZVRf2acFduXLGcseZFc4qH2n6e\" data-lark-html-role=\"root\" data-docx-has-block-data=\"false\">\n<div data-page-id=\"B8rHfcqlqdzmH5cCWCncz17Cntb\" data-lark-html-role=\"root\" data-docx-has-block-data=\"false\">\n<div data-page-id=\"B8rHfcqlqdzmH5cCWCncz17Cntb\" data-lark-html-role=\"root\" data-docx-has-block-data=\"false\">\n<div data-page-id=\"B8rHfcqlqdzmH5cCWCncz17Cntb\" data-lark-html-role=\"root\" data-docx-has-block-data=\"true\">\n<div data-page-id=\"HM70f1aoxdD0bMcxJZBcVc7ynZd\" data-lark-html-role=\"root\" data-docx-has-block-data=\"false\">\n<div data-page-id=\"NSrJfN7Ord22i0c1iwZcsF8yn8b\" data-lark-html-role=\"root\" data-docx-has-block-data=\"false\">\n<div data-page-id=\"RXEff4Mskds8o1cqL5HcGEtUnCh\" data-lark-html-role=\"root\" data-docx-has-block-data=\"false\">\n<div data-page-id=\"KJ7gfqkVndMSRJcMseScmvYwnTc\" data-lark-html-role=\"root\" data-docx-has-block-data=\"false\">\n<div class=\"ace-line ace-line old-record-id-QADAfETPudgmudc05YvcTO5fnxe\">\n<div data-page-id=\"KJ7gfqkVndMSRJcMseScmvYwnTc\" data-lark-html-role=\"root\" data-docx-has-block-data=\"false\">\n<div class=\"ace-line ace-line old-record-id-JoRkfpho8dOkiacEOascDyCOncb\">\n<div data-page-id=\"KJ7gfqkVndMSRJcMseScmvYwnTc\" data-lark-html-role=\"root\" data-docx-has-block-data=\"false\">\n<div data-page-id=\"Ju6ofQ3V4dGmePcVvJvc1gmcnZb\" data-lark-html-role=\"root\" data-docx-has-block-data=\"true\">\n<div data-page-id=\"PR9ife5PLdFabccbFgZcWgZOnTc\" data-lark-html-role=\"root\" data-docx-has-block-data=\"false\">\n<div data-page-id=\"INdrfOIGzdaenXcptrcc1BcznQc\" data-lark-html-role=\"root\" data-docx-has-block-data=\"false\">\n<div class=\"ace-line ace-line old-record-id-P0fIf4YaZdoGkbcxt5ackec2nnb\">\n<div data-page-id=\"INdrfOIGzdaenXcptrcc1BcznQc\" data-lark-html-role=\"root\" data-docx-has-block-data=\"false\">\n<div data-page-id=\"MAzCfUB73dMTQscm8eWcougVn1g\" data-lark-html-role=\"root\" data-docx-has-block-data=\"true\">\n<div data-page-id=\"AXfpf7H1odhDvGcKoUOcErN8nV7\" data-lark-html-role=\"root\" data-docx-has-block-data=\"false\">\n<div data-page-id=\"QYTKf5PvLdUNdbce2nBcW9yfnrh\" data-lark-html-role=\"root\" data-docx-has-block-data=\"false\">\n<div data-page-id=\"Pvu1f1CCBdxbjncA9pgcBTpanph\" data-lark-html-role=\"root\" data-docx-has-block-data=\"true\">\n<div data-page-id=\"Axf3fcmY8dDAhtcjVircBcphnPc\" data-lark-html-role=\"root\" data-docx-has-block-data=\"false\">\n<div data-page-id=\"KKj1f9SPmdLhhMc5E2AcNlLen6f\" data-lark-html-role=\"root\" data-docx-has-block-data=\"true\">\n<div data-page-id=\"Rx61fK1sJdXHjPcBuhZcweNhnwc\" data-lark-html-role=\"root\" data-docx-has-block-data=\"false\">\n<div data-page-id=\"L1H9fkG9Mdz45Fcy4WMc5VKXnRe\" data-lark-html-role=\"root\" data-docx-has-block-data=\"false\">\n<div data-page-id=\"L1H9fkG9Mdz45Fcy4WMc5VKXnRe\" data-lark-html-role=\"root\" data-docx-has-block-data=\"false\">\n<div data-page-id=\"D4XLfVBVrdE8mrcaYizczklLnaf\" data-lark-html-role=\"root\" data-docx-has-block-data=\"false\">\n<div data-page-id=\"WVcifIY44d5mhMcXtyEcTsfenGd\" data-lark-html-role=\"root\" data-docx-has-block-data=\"true\">\n<div data-page-id=\"LRknfa6Whd4DWCcUc0FcNKpJnyh\" data-lark-html-role=\"root\" data-docx-has-block-data=\"false\">\n<div data-page-id=\"LRknfa6Whd4DWCcUc0FcNKpJnyh\" data-lark-html-role=\"root\" data-docx-has-block-data=\"false\">\n<div data-page-id=\"XFRAfkcOEdRWh8cArQ2cJdyRnJf\" data-lark-html-role=\"root\" data-docx-has-block-data=\"true\">\n<div data-page-id=\"OQ3bfjnRddMTDGcC3ouc6xFKnWf\" data-lark-html-role=\"root\" data-docx-has-block-data=\"true\">\n<div data-page-id=\"J0iGfj1hEdjc4rcUdSmc4spMnmZ\" data-lark-html-role=\"root\" data-docx-has-block-data=\"false\">\n<div data-page-id=\"P1o7fFyNlduP8tcfZpQcagzbnIf\" data-lark-html-role=\"root\" data-docx-has-block-data=\"false\">\n<div class=\"ace-line ace-line old-record-id-P1o7fFyNlduP8tcfZpQcagzbnIf\">\n<div data-page-id=\"P1o7fFyNlduP8tcfZpQcagzbnIf\" data-lark-html-role=\"root\" data-docx-has-block-data=\"false\">\n<div data-page-id=\"U4iufW38SdttWKcTstMcTtHRnXc\" data-lark-html-role=\"root\" data-docx-has-block-data=\"true\">\n<div data-page-id=\"ONVMf7VTWddcFtcyATOchCJHnZb\" data-lark-html-role=\"root\" data-docx-has-block-data=\"true\">\n<div data-page-id=\"KoW2fSy0PdLHFlc5kSHcgvWMnYg\" data-lark-html-role=\"root\" data-docx-has-block-data=\"false\">\n<div data-page-id=\"KoW2fSy0PdLHFlc5kSHcgvWMnYg\" data-lark-html-role=\"root\" data-docx-has-block-data=\"false\">\n<div data-page-id=\"OLGhfzxC7d7EFIcLEj9cRT5ynZf\" data-lark-html-role=\"root\" data-docx-has-block-data=\"false\">\n<div data-page-id=\"DdnnfrLjzdqrFIc9Il9c7pA2noc\" data-lark-html-role=\"root\" data-docx-has-block-data=\"true\">\n<div data-page-id=\"KNzcf2o0oddkJOcztTVcqPdlnth\" data-lark-html-role=\"root\" data-docx-has-block-data=\"false\">\n<div data-page-id=\"LBU7fg5SEdkWhecGJoxca3xvnCe\" data-lark-html-role=\"root\" data-docx-has-block-data=\"false\">\n<div data-page-id=\"EB70fooS3d69bMcgWB7c5qb9n8g\" data-lark-html-role=\"root\" data-docx-has-block-data=\"false\">\n<div data-page-id=\"AogwfsZCadB6t0cAvF0cK4JLnvf\" data-lark-html-role=\"root\" data-docx-has-block-data=\"false\">\n<div data-page-id=\"AogwfsZCadB6t0cAvF0cK4JLnvf\" data-lark-html-role=\"root\" data-docx-has-block-data=\"false\">\n<div data-page-id=\"JMZIflNGddQuU0c5JZocSqlvnle\" data-lark-html-role=\"root\" data-docx-has-block-data=\"false\">\n<div data-page-id=\"JMZIflNGddQuU0c5JZocSqlvnle\" data-lark-html-role=\"root\" data-docx-has-block-data=\"true\">\n<div data-page-id=\"HtEafjjRIdPAlMc9zgYcsGy6nOe\" data-lark-html-role=\"root\" data-docx-has-block-data=\"false\">\n<div data-page-id=\"Rhnafz0WTdDeT9c43xxczsbVnJo\" data-lark-html-role=\"root\" data-docx-has-block-data=\"false\">\n<div data-page-id=\"WY0CfKdcTdf4hVcZl67ct5LGncf\" data-lark-html-role=\"root\" data-docx-has-block-data=\"true\">\n<div data-page-id=\"MkB5fF4AVdchovcoPEpc7LqvnOd\" data-lark-html-role=\"root\" data-docx-has-block-data=\"true\">\n<div data-page-id=\"MfbjfZhbhdJdA8cH1dAckqF0n6g\" data-lark-html-role=\"root\" data-docx-has-block-data=\"false\">\n<div class=\"ace-line ace-line old-record-id-W2AHfJLnjd7ugjcRLs1c8BdhnNh\">\n<div data-page-id=\"MfbjfZhbhdJdA8cH1dAckqF0n6g\" data-lark-html-role=\"root\" data-docx-has-block-data=\"false\">\n<div class=\"old-record-id-XXd1feeCZdR2hJc6evocxnh1nOg\">\n<div data-page-id=\"MfbjfZhbhdJdA8cH1dAckqF0n6g\" data-lark-html-role=\"root\" data-docx-has-block-data=\"false\">\n<div data-page-id=\"DE51fYUmxdT3ekcHzc3cGrVQnsc\" data-lark-html-role=\"root\" data-docx-has-block-data=\"false\">\n<div data-page-id=\"YSKdfaZ08dRej3ci5CccQBuOncc\" data-lark-html-role=\"root\" data-docx-has-block-data=\"true\">\n<div data-page-id=\"K6mofQmledamEFcgp1EcVobmnYd\" data-lark-html-role=\"root\" data-docx-has-block-data=\"false\">\n<div data-page-id=\"VTgsfVLdCd9q1ucYcwRcCM0Hnof\" data-lark-html-role=\"root\" data-docx-has-block-data=\"true\">\n<div data-page-id=\"WucKfzp8RdNy8rcMJHncz4Knnac\" data-lark-html-role=\"root\" data-docx-has-block-data=\"true\">\n<div data-page-id=\"IfZ9fDIBLd9b9hcJiqGcLw9Pnmh\" data-lark-html-role=\"root\" data-docx-has-block-data=\"false\">\n<div data-page-id=\"JeU6f3Yq5dbdEHcZDptc5ikcn5c\" data-lark-html-role=\"root\" data-docx-has-block-data=\"true\">\n<div data-page-id=\"E1YjfnB4Jdmtsfc2ZObcu04Un6c\" data-lark-html-role=\"root\" data-docx-has-block-data=\"false\">\n<div data-page-id=\"RQVEfdiOzdqTQKcRcnxcG0Y7nce\" data-lark-html-role=\"root\" data-docx-has-block-data=\"true\">\n<div data-page-id=\"NKc7fbZi9dnOXocdHcScVsXdnmh\" data-lark-html-role=\"root\" data-docx-has-block-data=\"false\">\n<div data-page-id=\"DaE3fgNEwdnbQVc62iqcBK4lnte\" data-lark-html-role=\"root\" data-docx-has-block-data=\"false\">\n<div data-page-id=\"DaE3fgNEwdnbQVc62iqcBK4lnte\" data-lark-html-role=\"root\" data-docx-has-block-data=\"false\">\n<div data-page-id=\"NqSRfcp5SdFQ6ucdStXcbvManpc\" data-lark-html-role=\"root\" data-docx-has-block-data=\"false\">\n<div data-page-id=\"KydBfoEuudJNYhcgRdAc3aeUn7c\" data-lark-html-role=\"root\" data-docx-has-block-data=\"true\">\n<div data-page-id=\"SIqXfR5ipd7jWpczA5RcYkWInfd\" data-lark-html-role=\"root\" data-docx-has-block-data=\"false\">\n<div data-page-id=\"Y06XfUzydd0aVicBtPKcZlS8nJf\" data-lark-html-role=\"root\" data-docx-has-block-data=\"true\">\n<div data-page-id=\"E2ZvfNrVNdEHKickexPcvdXVnrc\" data-lark-html-role=\"root\" data-docx-has-block-data=\"false\">\n<div data-page-id=\"DqGzfq5S4d9GdAcOQVIcIdPhn2c\" data-lark-html-role=\"root\" data-docx-has-block-data=\"false\">\n<div data-page-id=\"HsKcfE4WLdET7ScRm72cTZ96nPb\" data-lark-html-role=\"root\" data-docx-has-block-data=\"false\">\n<div data-page-id=\"MvWFfuF4Edx69KcRSmmcvS2LndG\" data-lark-html-role=\"root\" data-docx-has-block-data=\"true\">\n<div data-page-id=\"BSNMfUsMXd3XFscNxbDcufC2nEg\" data-lark-html-role=\"root\" data-docx-has-block-data=\"false\">\n<div data-page-id=\"Rr0Mfry1adQB66cMkYGcCmoWnKe\" data-lark-html-role=\"root\" data-docx-has-block-data=\"true\">\n<div data-page-id=\"A7fMfxJhydfxJUc6VX9cVvDKnpd\" data-lark-html-role=\"root\" data-docx-has-block-data=\"false\">\n<div data-page-id=\"A7fMfxJhydfxJUc6VX9cVvDKnpd\" data-lark-html-role=\"root\" data-docx-has-block-data=\"false\">\n<div data-page-id=\"WbzgfFBuTduiBjc6rORciNrNnlf\" data-lark-html-role=\"root\" data-docx-has-block-data=\"false\">\n<div data-page-id=\"R0Rzf8rQUdoB9hcxkiqc9kKHnk2\" data-lark-html-role=\"root\" data-docx-has-block-data=\"true\">\n<div data-page-id=\"ZwXFfRomCdt9G4cs33scepfHnoe\" data-lark-html-role=\"root\" data-docx-has-block-data=\"false\">\n<div data-page-id=\"UFFTffnWTdbuv3coRhBc3zxBnMf\" data-lark-html-role=\"root\" data-docx-has-block-data=\"true\">\n<div data-page-id=\"FV0FfDT4ZdfJZoc4SMccT5Rjndf\" data-lark-html-role=\"root\" data-docx-has-block-data=\"false\">\n<div data-page-id=\"QfqMfQ3H3dBjAycBmxFct9R0nOd\" data-lark-html-role=\"root\" data-docx-has-block-data=\"false\">\n<div data-page-id=\"DXwcf38JSdYoRnczvWycOLbJnKg\" data-lark-html-role=\"root\" data-docx-has-block-data=\"false\">\n<div data-page-id=\"ERF5fOYoJdJoKBcJe3dczeiRnhb\" data-lark-html-role=\"root\" data-docx-has-block-data=\"false\">\n<div data-page-id=\"Xz9kf6dXYdrSpeczDiscWevtn5g\" data-lark-html-role=\"root\" data-docx-has-block-data=\"false\">\n<div data-page-id=\"NXFofecridPG1Kco9gVcxXiEnGf\" data-lark-html-role=\"root\" data-docx-has-block-data=\"false\">\n<div data-page-id=\"EFevfzjvkdlSPEcTWBIc7eVvnog\" data-lark-html-role=\"root\" data-docx-has-block-data=\"false\">\n<div data-page-id=\"M7PifBvbPdUAXlc1ga1ceAEFnrc\" data-lark-html-role=\"root\" data-docx-has-block-data=\"false\">\n<div data-page-id=\"Xk47fsExQdGT3dcRYNzcCeZ0nYb\" data-lark-html-role=\"root\" data-docx-has-block-data=\"false\">\n<div data-page-id=\"OUXufVxtNdzLz9cI8Ijchmyfnrg\" data-lark-html-role=\"root\" data-docx-has-block-data=\"false\">\n<div data-page-id=\"XAtVfnKQidPyc6cF1jhc2z2AnZ1\" data-lark-html-role=\"root\" data-docx-has-block-data=\"false\">\n<div data-page-id=\"B4r8fXUqIde4brcGXg2crgLmn7F\" data-lark-html-role=\"root\" data-docx-has-block-data=\"true\">\n<div data-page-id=\"CcjPfD4Ied4jf2cwt2hcyeGNnHe\" data-lark-html-role=\"root\" data-docx-has-block-data=\"false\">\n<div data-page-id=\"M3lyfHsq4dQP8dc5mI8c3rXxnNc\" data-lark-html-role=\"root\" data-docx-has-block-data=\"false\">\n<div data-page-id=\"E0A4fWGfudmWVGczZV8cLv8Znwd\" data-lark-html-role=\"root\" data-docx-has-block-data=\"false\">\n<div data-page-id=\"M3lyfHsq4dQP8dc5mI8c3rXxnNc\" data-lark-html-role=\"root\" data-docx-has-block-data=\"false\">\n<div data-page-id=\"PBcMfb1nvdgiupchwvBcbvRSnUh\" data-lark-html-role=\"root\" data-docx-has-block-data=\"true\">\n<div data-page-id=\"MLuYfsFFLdcwehcp2yacuTpRn6c\" data-lark-html-role=\"root\" data-docx-has-block-data=\"false\">\n<div data-page-id=\"EwHhfTyLmdJwUCc1f7McCRL1nmb\" data-lark-html-role=\"root\" data-docx-has-block-data=\"false\">\n<div data-page-id=\"Mpglft4uEdARvKcCkADc1zL0n8g\" data-lark-html-role=\"root\" data-docx-has-block-data=\"true\">\n<h2 data-path-to-node=\"0\">Bang Blaze 200000 Puffs: De ultieme 6 in 1 Vaping Powerhouse<\/h2>\n<p data-path-to-node=\"2\">Waarom genoegen nemen met \u00e9\u00e9n smaak als je een volledig smaakvault in je zak kunt dragen? <b data-path-to-node=\"2\" data-index-in-node=\"88\">Bang Blaze 200000 Puffs<\/b> is een revolutionaire <b data-path-to-node=\"2\" data-index-in-node=\"123\">high-capacity wegwerpvape<\/b> ontworpen voor vapers die eisen <b data-path-to-node=\"2\" data-index-in-node=\"183\">extreme duurzaamheid, diverse opties en nauwkeurige controle<\/b> allemaal ondergebracht in \u00e9\u00e9n elegant apparaat.<\/p>\n<p data-path-to-node=\"3\">Met een geavanceerd <b data-path-to-node=\"3\" data-index-in-node=\"24\">6 in 1 onafhankelijk smaakvakamersysteem<\/b>, deze zeshoekige reus laat je je vapingbui net zo gemakkelijk veranderen als het draaien aan een knop, met een verbazingwekkend <b data-path-to-node=\"3\" data-index-in-node=\"176\">200000 soepele en consistente trekjes<\/b>.<\/p>\n<p data-path-to-node=\"4\">Ontworpen voor de zware gebruiker en de smaakconnaisseur, de Bang Blaze 200000 Puffs is niet zomaar een vape; het is een mobiel proefmenu. Het balanceert perfect robuuste dampontwikkeling met marathonachtige duurzaamheid, waardoor effectief zes standaard wegwerpproducten worden vervangen door \u00e9\u00e9n premium metgezel.<\/p>\n<h2 data-path-to-node=\"6\">Belangrijkste functies<\/h2>\n<h3 data-path-to-node=\"7\">Tot 200000 trekjes<\/h3>\n<p data-path-to-node=\"8\">Een echte marathonloper in de vapowereld, ontworpen om de concurrentie te overtreffen en uw begeerte wekenlang bevredigd te houden zonder de angst voor een droge tank.<\/p>\n<h3 data-path-to-node=\"9\">6-in-1 onafhankelijke smaakkamers<\/h3>\n<p data-path-to-node=\"10\">Zes volledig gescheiden olietanks bestaan naadloos in \u00e9\u00e9n zeshoekige behuizing. Draai de mondstuk om over te schakelen\u2014geen kruisverbindingen, geen troebele smaken, alleen pure variatie.<\/p>\n<h3 data-path-to-node=\"11\">1.2\u03a9 x 6 toegewijde mesh-spoelen<\/h3>\n<p data-path-to-node=\"12\">Waarom verschillende vloeistoffen door dezelfde vermoeid motor dwingen? Elk van de zes kamers wordt aangedreven door zijn eigen toegewijde <b data-path-to-node=\"12\" data-index-in-node=\"116\">1.2\u03a9 mesh-coil<\/b>, waardoor de laatste druppel net zo zuiver en dicht is als de allereerste.<\/p>\n<h3 data-path-to-node=\"13\">Onverf\u00e4lschte smaakafgifte<\/h3>\n<p data-path-to-node=\"14\">Door elk smaakkanaal fysiek te isoleren, blijft elk profiel onberispelijk schoon en levendig. Het levert een waarheidsgetrouw smakenprofiel zonder enige resterende vervuiling van vorige smaken.<\/p>\n<h3 data-path-to-node=\"15\">600mAh oplaadbare krachtpatser<\/h3>\n<p data-path-to-node=\"16\">Een ingebouwde hoogeffici\u00ebnte <b data-path-to-node=\"16\" data-index-in-node=\"27\">600mAh batterij<\/b> gekoppeld aan een snelle <b data-path-to-node=\"16\" data-index-in-node=\"62\">Type-C<\/b> poort garandeert dat uw apparaat met piekspanning werkt totdat elke tank volledig leeg is.<\/p>\n<h3 data-path-to-node=\"17\">Slim trekaangestuurd systeem<\/h3>\n<p data-path-to-node=\"18\">Wie heeft ingewikkelde knoppen nodig om een ontspannende ervaring te navigeren? De intelligente luchtstroom sensor biedt een naadloze, nulsetup-ervaring\u2014inhaal gewoon en laat het apparaat het zware werk doen.<\/p>\n<p><img decoding=\"async\" class=\"alignnone wp-image-8187 size-full\" title=\"Bang Blaze 200K Poster\" src=\"https:\/\/oiovape.com\/wp-content\/uploads\/2026\/04\/Bang-Blaze-200K-Poster-scaled.jpg\" alt=\"Bang Blaze 200K Poster\" width=\"1129\" height=\"2560\" srcset=\"https:\/\/oiovape.com\/wp-content\/uploads\/2026\/04\/Bang-Blaze-200K-Poster-scaled.jpg 1129w, https:\/\/oiovape.com\/wp-content\/uploads\/2026\/04\/Bang-Blaze-200K-Poster-132x300.jpg 132w, https:\/\/oiovape.com\/wp-content\/uploads\/2026\/04\/Bang-Blaze-200K-Poster-452x1024.jpg 452w, https:\/\/oiovape.com\/wp-content\/uploads\/2026\/04\/Bang-Blaze-200K-Poster-768x1741.jpg 768w, https:\/\/oiovape.com\/wp-content\/uploads\/2026\/04\/Bang-Blaze-200K-Poster-677x1536.jpg 677w, https:\/\/oiovape.com\/wp-content\/uploads\/2026\/04\/Bang-Blaze-200K-Poster-903x2048.jpg 903w, https:\/\/oiovape.com\/wp-content\/uploads\/2026\/04\/Bang-Blaze-200K-Poster-5x12.jpg 5w, https:\/\/oiovape.com\/wp-content\/uploads\/2026\/04\/Bang-Blaze-200K-Poster-1200x2721.jpg 1200w, https:\/\/oiovape.com\/wp-content\/uploads\/2026\/04\/Bang-Blaze-200K-Poster-150x340.jpg 150w\" sizes=\"(max-width: 1129px) 100vw, 1129px\" \/><\/p>\n<h2 data-path-to-node=\"20\">De 12 meester smaakcombinaties<\/h2>\n<h4 data-path-to-node=\"21\">Kies uw zesdelige symfonie:<\/h4>\n<ol start=\"1\" data-path-to-node=\"22\">\n<li>\n<p data-path-to-node=\"22,0,0\">Peach Ice \/ Lemon Lime \/ Strawberry Watermelon \/ Raspberry Grape \/ Strawberry Mamba \/ Cherry Pomegranate<\/p>\n<\/li>\n<li>\n<p data-path-to-node=\"22,1,0\">Watermelon Ice \/ Apple Grape \/ Blueberry Raspberry \/ Mango Peach \/ Pineapple Orange \/ Blueberry Peach<\/p>\n<\/li>\n<li>\n<p data-path-to-node=\"22,2,0\">Grape Ice \/ Raspberry Lemon \/ Blueberry Red Bull \/ Pineapple Coconut \/ Strawberry Lychee \/ Black Dragon Ice<\/p>\n<\/li>\n<li>\n<p data-path-to-node=\"22,3,0\">Blueberry Ice \/ Raspberry Watermelon \/ Aloe Vera Grape \/ Strawberry Banana \/ Love 66 \/ Blueberry Cherry<\/p>\n<\/li>\n<li>\n<p data-path-to-node=\"22,4,0\">Apple Ice \/ Mixed Berries \/ Watermelon Bubble Gum \/ Blueberry Watermelon \/ Strawberry Mango \/ Aloe Mango Cantaloupe<\/p>\n<\/li>\n<li>\n<p data-path-to-node=\"22,5,0\">Pineapple Ice \/ Kiwi Passion Fruit Guava \/ Bearshaped Gummy Candies \/ Watermelon Dragon Fruit \/ Peach Mango Watermelon \/ Blueberry Cranberry Cherry<\/p>\n<\/li>\n<li>\n<p data-path-to-node=\"22,6,0\">Strawberry \/ Blackcurrantn Pineapple Ice \/ Tropical Fruits \/ Grape Bubblegum \/ Blueberry Grape \/ Mango Passion Fruit<\/p>\n<\/li>\n<li>\n<p data-path-to-node=\"22,7,0\">Triple Mango \/ Grape Peach \/ Strawberry Ice Cream \/ Strawberry Kiwi \/ Grape Energy \/ Red Cola<\/p>\n<\/li>\n<li>\n<p data-path-to-node=\"22,8,0\">Banana Ice \/ Aloe Vera Apple \/ Passion Fruit Grapefruit \/ Strawberry Coconut \/ Strawberry Watermelon Bubblegum \/ Watermelon Lime Ice<\/p>\n<\/li>\n<li>\n<p data-path-to-node=\"22,9,0\">Cherry Ice \/ Pink Lemon \/ Blueberry Mint \/ Banana Ice Cream \/ Passion Fruit Pineapple Ice Peach Ice \/ Green Apple Kiwi<\/p>\n<\/li>\n<li>\n<p data-path-to-node=\"22,10,0\">Rainbow Cy \/ Peach Pear Ice \/ Cappuccino \/ Fresh Mint Mojito \/ Strawberry Mango Blackcurrant \/ Marshmallow<\/p>\n<\/li>\n<li>\n<p data-path-to-node=\"22,11,0\">Blackcurrant \/ Triple Melon \/ Strawberry Raspberry \/ Super Berry \/ Blueberry Blackberry Strawberry \/ Peach Lemon Water<\/p>\n<\/li>\n<\/ol>\n<h2 data-path-to-node=\"24\">Veelgestelde vragen over Bang Blaze 200K 6 in 1<\/h2>\n<h5 data-path-to-node=\"25\">V: Wat is precies de Bang Blaze 200000 Puffs?<\/h5>\n<p data-path-to-node=\"26\">A: De Bang Blaze 200000 Puffs is een grensverleggende, hoogcapaciteit wegwerpvape. Het levert een massieve <b data-path-to-node=\"26\" data-index-in-node=\"99\">200000 trekjes<\/b> door een unieke <b data-path-to-node=\"26\" data-index-in-node=\"130\">6-in-1 onafhankelijk smaaksysteem<\/b>, waardoor je de vrijheid hebt om zes verschillende smaken direct door elkaar heen te roteren zonder smaakvermenging.<\/p>\n<h5 data-path-to-node=\"27\">V: Hoe werkt deze \u201c6-in-1\u201d magie eigenlijk?<\/h5>\n<p data-path-to-node=\"28\">A: Stel je het voor als een draaiende cilinder. Het apparaat bevat <b data-path-to-node=\"28\" data-index-in-node=\"58\">zes afzonderlijke e-vloeistofkanalen<\/b>, elk met een eigen verwarmingselement. Door simpelweg het bovenste mondstuk te draaien, klik je veilig in een nieuw smaakkanaal, wat zorgt voor een <b data-path-to-node=\"28\" data-index-in-node=\"231\">zuivere, onvermengde en frisse trek<\/b> elke keer opnieuw.<\/p>\n<h5 data-path-to-node=\"29\">V: Krijgen we echt 200.000 trekjes?<\/h5>\n<p data-path-to-node=\"30\">A: Ja! Door de werkbelasting over zes afzonderlijke kamers te verdelen in plaats van \u00e9\u00e9n massieve spoel uit te branden, maximaliseert de Bang Blaze 200K de e-vloeistofeffici\u00ebntie en biedt <b data-path-to-node=\"30\" data-index-in-node=\"165\">tot 200.000 trekjes<\/b> afhankelijk van je persoonlijke trekklengte en gewoonten.<\/p>\n<h5 data-path-to-node=\"31\">V: Zullen de smaken uiteindelijk uitlopen of samen mengen?<\/h5>\n<p data-path-to-node=\"32\">A: Absoluut niet. Zou je koffie in je sapglas gieten? Natuurlijk niet. Elke smaak werkt binnen zijn eigen gesloten, onafhankelijk ecosysteem. Je schakelt het kanaal om, je schakelt de smaak om\u2014waarbij elke noot <b data-path-to-node=\"32\" data-index-in-node=\"211\">schoon, consistent en waar blijft voor zijn profiel<\/b>.<\/p>\n<h5 data-path-to-node=\"33\">V: Wat zijn de batterijspecificaties en is deze oplaadbaar?<\/h5>\n<p data-path-to-node=\"34\">A: Het is uitgerust met een robuuste <b data-path-to-node=\"34\" data-index-in-node=\"35\">600mAh oplaadbare batterij<\/b> en een handige <b data-path-to-node=\"34\" data-index-in-node=\"80\">Type-C oplaadpoort<\/b>. Dit zorgt ervoor dat het apparaat gedurende de gehele enorme levensduur van meerdere tanks stabiele, krachtige dampontwikkeling handhaaft.<\/p>\n<h5 data-path-to-node=\"35\">V: Heeft het apparaat een slim scherm?<\/h5>\n<p data-path-to-node=\"36\">A: Ja. De Bang Blaze 200K beschikt over een intu\u00eftief <b data-path-to-node=\"36\" data-index-in-node=\"50\">slim display<\/b> dat duidelijk je resterende batterijduur en actieve status aangeeft, zodat je nooit verrast wordt door een leeg apparaat.<\/p>\n<h5 data-path-to-node=\"37\">V: Voor wie is de Bang Blaze 6 in 1 200000 Puffs het meest geschikt?<\/h5>\n<p data-path-to-node=\"38\">A: Dit apparaat is de ultieme alles-in-\u00e9\u00e9n oplossing voor:<\/p>\n<ul data-path-to-node=\"39\">\n<li>\n<p data-path-to-node=\"39,0,0\">Zware gebruikers die verlangen naar <b data-path-to-node=\"39,0,0\" data-index-in-node=\"20\">maximaal aantal trekjes<\/b> en uithoudingsvermogen.<\/p>\n<\/li>\n<li>\n<p data-path-to-node=\"39,1,0\">Smaakjagers die eisen <b data-path-to-node=\"39,1,0\" data-index-in-node=\"26\">smaakvariatie zonder meerdere apparaten mee te nemen<\/b>.<\/p>\n<\/li>\n<li>\n<p data-path-to-node=\"39,2,0\">Retailers die op zoek zijn naar een <b data-path-to-node=\"39,2,0\" data-index-in-node=\"24\">premium, opvallend vlaggenschipproduct<\/b> dat hoge waarde biedt.<\/p>\n<\/li>\n<\/ul>\n<\/div>\n<\/div>\n<\/div>\n<\/div>\n<\/div>\n<\/div>\n<\/div>\n<\/div>\n<\/div>\n<\/div>\n<\/div>\n<\/div>\n<\/div>\n<\/div>\n<\/div>\n<\/div>\n<\/div>\n<\/div>\n<\/div>\n<\/div>\n<\/div>\n<\/div>\n<\/div>\n<\/div>\n<\/div>\n<\/div>\n<\/div>\n<\/div>\n<\/div>\n<\/div>\n<\/div>\n<\/div>\n<\/div>\n<\/div>\n<\/div>\n<\/div>\n<\/div>\n<\/div>\n<\/div>\n<\/div>\n<\/div>\n<\/div>\n<\/div>\n<\/div>\n<\/div>\n<\/div>\n<\/div>\n<\/div>\n<\/div>\n<\/div>\n<\/div>\n<\/div>\n<\/div>\n<\/div>\n<\/div>\n<\/div>\n<\/div>\n<\/div>\n<\/div>\n<\/div>\n<\/div>\n<\/div>\n<\/div>\n<\/div>\n<\/div>\n<\/div>\n<\/div>\n<\/div>\n<\/div>\n<\/div>\n<\/div>\n<\/div>\n<\/div>\n<\/div>\n<\/div>\n<\/div>\n<\/div>\n<\/div>\n<\/div>\n<\/div>\n<\/div>\n<\/div>\n<\/div>\n<\/div>\n<\/div>\n<\/div>\n<\/div>\n<\/div>\n<\/div>\n<\/div>\n<\/div>\n<\/div>\n<\/div>\n<\/div>\n<\/div>\n<\/div>\n<\/div>\n<\/div>\n<\/div>\n<\/div>\n<\/div>\n<\/div>\n<\/div>\n<\/div>\n<\/div>\n<\/div>\n<\/div>\n<\/div>\n<\/div>\n<\/div>\n<\/div>\n<\/div>\n<\/div>","protected":false},"excerpt":{"rendered":"<div data-page-id=\"RAopf2sw9dtvw4cWYXpcTwo0n8g\" data-lark-html-role=\"root\" data-docx-has-block-data=\"false\">\n<div class=\"ace-line ace-line old-record-id-Uju9f3RXYd8dh2crAJbcBF3Un6M\">\n<div data-page-id=\"Dd8gfe2wRdT66jcgnqtcUwg5ndh\" data-lark-html-role=\"root\" data-docx-has-block-data=\"false\">\n<div class=\"ace-line ace-line old-record-id-FiRZf3qXpdK0RqcHt8wcxPTon8b\">\n<p data-path-to-node=\"2\">De Bang Blaze 200000 Puffs is een zeshoekig krachtpatser met zes aparte e-liquid tanks. Draai eenvoudig het mondstuk om direct een nieuw aroma te ontgrendelen. Met toegewijde mesh coils blijft elke trek levendig gedurende de werkelijk enorme levensduur van tweehonderdduizend puffs.<\/p>\n<\/div>\n<\/div>\n<\/div>\n<\/div>","protected":false},"featured_media":8197,"comment_status":"open","ping_status":"closed","template":"","meta":{"_acf_changed":false,"inline_featured_image":false,"_sitemap_exclude":false,"_sitemap_priority":"","_sitemap_frequency":""},"product_brand":[90],"product_cat":[79],"product_tag":[],"class_list":{"0":"post-8184","1":"product","2":"type-product","3":"status-publish","4":"has-post-thumbnail","6":"product_brand-bang","7":"product_cat-bang-puff","9":"first","10":"instock","11":"sale","12":"shipping-taxable","13":"purchasable","14":"product-type-variable","15":"has-default-attributes"},"acf":[],"tiered_pricing_type":"fixed","tiered_pricing_fixed_rules":{"30":9.47,"60":8.65,"100":7.99,"200":7.45},"tiered_pricing_product_settings":{"layout":"default","base_unit_name":{"singular":null,"plural":null},"default_variation":null},"tiered_pricing_minimum_quantity":10,"tiered_pricing_roles_data":[],"tiered_pricing_percentage_rules":[],"tiered_pricing_maximum_quantity":null,"tiered_pricing_quantity_step":"10","_links":{"self":[{"href":"https:\/\/oiovape.com\/nl\/wp-json\/wp\/v2\/product\/8184","targetHints":{"allow":["GET"]}}],"collection":[{"href":"https:\/\/oiovape.com\/nl\/wp-json\/wp\/v2\/product"}],"about":[{"href":"https:\/\/oiovape.com\/nl\/wp-json\/wp\/v2\/types\/product"}],"replies":[{"embeddable":true,"href":"https:\/\/oiovape.com\/nl\/wp-json\/wp\/v2\/comments?post=8184"}],"version-history":[{"count":2,"href":"https:\/\/oiovape.com\/nl\/wp-json\/wp\/v2\/product\/8184\/revisions"}],"predecessor-version":[{"id":8199,"href":"https:\/\/oiovape.com\/nl\/wp-json\/wp\/v2\/product\/8184\/revisions\/8199"}],"wp:featuredmedia":[{"embeddable":true,"href":"https:\/\/oiovape.com\/nl\/wp-json\/wp\/v2\/media\/8197"}],"wp:attachment":[{"href":"https:\/\/oiovape.com\/nl\/wp-json\/wp\/v2\/media?parent=8184"}],"wp:term":[{"taxonomy":"product_brand","embeddable":true,"href":"https:\/\/oiovape.com\/nl\/wp-json\/wp\/v2\/product_brand?post=8184"},{"taxonomy":"product_cat","embeddable":true,"href":"https:\/\/oiovape.com\/nl\/wp-json\/wp\/v2\/product_cat?post=8184"},{"taxonomy":"product_tag","embeddable":true,"href":"https:\/\/oiovape.com\/nl\/wp-json\/wp\/v2\/product_tag?post=8184"}],"curies":[{"name":"wp","href":"https:\/\/api.w.org\/{rel}","templated":true}]}}